{"id":12302,"date":"2023-01-24T16:59:51","date_gmt":"2023-01-24T13:59:51","guid":{"rendered":"https:\/\/babacanportroyal.com\/?page_id=12302"},"modified":"2023-02-28T12:48:44","modified_gmt":"2023-02-28T09:48:44","slug":"kurumsal","status":"publish","type":"page","link":"https:\/\/babacanportroyal.com\/?page_id=12302","title":{"rendered":"Babacan Yap\u0131"},"content":{"rendered":"\t\t<div data-elementor-type=\"wp-page\" data-elementor-id=\"12302\" class=\"elementor elementor-12302\">\n\t\t\t\t\t\t<section class=\"elementor-section elementor-top-section elementor-element elementor-element-883175d elementor-section-boxed elementor-section-height-default elementor-section-height-default\" data-id=\"883175d\" data-element_type=\"section\">\n\t\t\t\t\t\t<div class=\"elementor-container elementor-column-gap-default\">\n\t\t\t\t\t<div class=\"elementor-column elementor-col-100 elementor-top-column elementor-element elementor-element-67a8f6c\" data-id=\"67a8f6c\" data-element_type=\"column\">\n\t\t\t<div class=\"elementor-widget-wrap elementor-element-populated\">\n\t\t\t\t\t\t<div class=\"elementor-element elementor-element-f6dc989 elementor-widget elementor-widget-image\" data-id=\"f6dc989\" data-element_type=\"widget\" data-widget_type=\"image.default\">\n\t\t\t\t<div class=\"elementor-widget-container\">\n\t\t\t\t\t\t\t\t\t\t\t\t\t\t\t<img decoding=\"async\" width=\"300\" height=\"64\" src=\"https:\/\/babacanportroyal.com\/wp-content\/uploads\/2023\/01\/logo-1.jpg-300x64-1.webp\" class=\"attachment-full size-full wp-image-12304\" alt=\"\" srcset=\"https:\/\/babacanportroyal.com\/wp-content\/uploads\/2023\/01\/logo-1.jpg-300x64-1.webp 300w, https:\/\/babacanportroyal.com\/wp-content\/uploads\/2023\/01\/logo-1.jpg-300x64-1-256x55.webp 256w\" sizes=\"(max-width: 300px) 100vw, 300px\" \/>\t\t\t\t\t\t\t\t\t\t\t\t\t\t\t<\/div>\n\t\t\t\t<\/div>\n\t\t\t\t<div class=\"elementor-element elementor-element-8b805ad elementor-widget elementor-widget-text-editor\" data-id=\"8b805ad\" data-element_type=\"widget\" data-widget_type=\"text-editor.default\">\n\t\t\t\t<div class=\"elementor-widget-container\">\n\t\t\t\t\t\t\t\t\t<p>Babacan Yap\u0131, 2002 y\u0131l\u0131ndan beri 4.000\u2019in \u00fczerinde markal\u0131 konuta imza atarak, yat\u0131r\u0131mc\u0131s\u0131na kaliteli ya\u015fam alanlar\u0131 olu\u015fturmu\u015ftur.<br \/><br \/>Babacan Yap\u0131, \u00fcretti\u011fi konut projelerinde kendine edindi\u011fi misyon olan \u201cDe\u011ferini Art\u0131ran\u201d yap\u0131lar in\u015fa etmektir.<\/p>\t\t\t\t\t\t\t\t<\/div>\n\t\t\t\t<\/div>\n\t\t\t\t<div class=\"elementor-element elementor-element-f9dfc16 elementor-widget elementor-widget-heading\" data-id=\"f9dfc16\" data-element_type=\"widget\" data-widget_type=\"heading.default\">\n\t\t\t\t<div class=\"elementor-widget-container\">\n\t\t\t\t\t<h4 class=\"elementor-heading-title elementor-size-default\">SATI\u015eI DEVAM EDEN PROJELER<\/h4>\t\t\t\t<\/div>\n\t\t\t\t<\/div>\n\t\t\t\t\t<\/div>\n\t\t<\/div>\n\t\t\t\t\t<\/div>\n\t\t<\/section>\n\t\t\t\t<section class=\"elementor-section elementor-top-section elementor-element elementor-element-ad548ee elementor-section-boxed elementor-section-height-default elementor-section-height-default\" data-id=\"ad548ee\" data-element_type=\"section\">\n\t\t\t\t\t\t<div class=\"elementor-container elementor-column-gap-default\">\n\t\t\t\t\t<div class=\"elementor-column elementor-col-50 elementor-top-column elementor-element elementor-element-c38fad8\" data-id=\"c38fad8\" data-element_type=\"column\">\n\t\t\t<div class=\"elementor-widget-wrap elementor-element-populated\">\n\t\t\t\t\t\t<div class=\"elementor-element elementor-element-ab0a63f elementor-widget elementor-widget-image\" data-id=\"ab0a63f\" data-element_type=\"widget\" data-widget_type=\"image.default\">\n\t\t\t\t<div class=\"elementor-widget-container\">\n\t\t\t\t\t\t\t\t\t\t\t\t\t\t\t\t<a href=\"https:\/\/babacanyapi.com\/portfolio\/babacan-central\/\">\n\t\t\t\t\t\t\t<img fetchpriority=\"high\" decoding=\"async\" width=\"626\" height=\"475\" src=\"https:\/\/babacanportroyal.com\/wp-content\/uploads\/2022\/11\/central.jpg\" class=\"attachment-large size-large wp-image-2460\" alt=\"\" srcset=\"https:\/\/babacanportroyal.com\/wp-content\/uploads\/2022\/11\/central.jpg 626w, https:\/\/babacanportroyal.com\/wp-content\/uploads\/2022\/11\/central-300x228.jpg 300w, https:\/\/babacanportroyal.com\/wp-content\/uploads\/2022\/11\/central-256x194.jpg 256w\" sizes=\"(max-width: 626px) 100vw, 626px\" \/>\t\t\t\t\t\t\t\t<\/a>\n\t\t\t\t\t\t\t\t\t\t\t\t\t\t\t<\/div>\n\t\t\t\t<\/div>\n\t\t\t\t\t<\/div>\n\t\t<\/div>\n\t\t\t\t<div class=\"elementor-column elementor-col-50 elementor-top-column elementor-element elementor-element-4afc0c9\" data-id=\"4afc0c9\" data-element_type=\"column\">\n\t\t\t<div class=\"elementor-widget-wrap elementor-element-populated\">\n\t\t\t\t\t\t<div class=\"elementor-element elementor-element-9fc1f66 elementor-widget elementor-widget-image\" data-id=\"9fc1f66\" data-element_type=\"widget\" data-widget_type=\"image.default\">\n\t\t\t\t<div class=\"elementor-widget-container\">\n\t\t\t\t\t\t\t\t\t\t\t\t\t\t\t\t<a href=\"https:\/\/babacanyapi.com\/portfolio\/babacan-premium\/\">\n\t\t\t\t\t\t\t<img decoding=\"async\" width=\"626\" height=\"475\" src=\"https:\/\/babacanportroyal.com\/wp-content\/uploads\/2022\/11\/premium.png\" class=\"attachment-large size-large wp-image-2300\" alt=\"\" srcset=\"https:\/\/babacanportroyal.com\/wp-content\/uploads\/2022\/11\/premium.png 626w, https:\/\/babacanportroyal.com\/wp-content\/uploads\/2022\/11\/premium-300x228.png 300w, https:\/\/babacanportroyal.com\/wp-content\/uploads\/2022\/11\/premium-256x194.png 256w\" sizes=\"(max-width: 626px) 100vw, 626px\" \/>\t\t\t\t\t\t\t\t<\/a>\n\t\t\t\t\t\t\t\t\t\t\t\t\t\t\t<\/div>\n\t\t\t\t<\/div>\n\t\t\t\t\t<\/div>\n\t\t<\/div>\n\t\t\t\t\t<\/div>\n\t\t<\/section>\n\t\t\t\t<\/div>\n\t\t","protected":false},"excerpt":{"rendered":"<p>Babacan Yap\u0131, 2002 y\u0131l\u0131ndan beri 4.000\u2019in \u00fczerinde markal\u0131 konuta imza atarak, yat\u0131r\u0131mc\u0131s\u0131na kaliteli ya\u015fam alanlar\u0131 olu\u015fturmu\u015ftur. Babacan Yap\u0131, \u00fcretti\u011fi konut&#8230; <span class=\"qrt-el-more\"><a href=\"https:\/\/babacanportroyal.com\/?page_id=12302\" class=\"qrt-link qrt-color-link qrt-cursor-scale qrt-w-chevron\">Read more<\/a><\/span><\/p>\n","protected":false},"author":1,"featured_media":0,"parent":0,"menu_order":0,"comment_status":"closed","ping_status":"closed","template":"template-layout-builder.php","meta":{"_monsterinsights_skip_tracking":false,"_monsterinsights_sitenote_active":false,"_monsterinsights_sitenote_note":"","_monsterinsights_sitenote_category":0,"footnotes":""},"class_list":["post-12302","page","type-page","status-publish","hentry"],"acf":[],"_links":{"self":[{"href":"https:\/\/babacanportroyal.com\/index.php?rest_route=\/wp\/v2\/pages\/12302","targetHints":{"allow":["GET"]}}],"collection":[{"href":"https:\/\/babacanportroyal.com\/index.php?rest_route=\/wp\/v2\/pages"}],"about":[{"href":"https:\/\/babacanportroyal.com\/index.php?rest_route=\/wp\/v2\/types\/page"}],"author":[{"embeddable":true,"href":"https:\/\/babacanportroyal.com\/index.php?rest_route=\/wp\/v2\/users\/1"}],"replies":[{"embeddable":true,"href":"https:\/\/babacanportroyal.com\/index.php?rest_route=%2Fwp%2Fv2%2Fcomments&post=12302"}],"version-history":[{"count":8,"href":"https:\/\/babacanportroyal.com\/index.php?rest_route=\/wp\/v2\/pages\/12302\/revisions"}],"predecessor-version":[{"id":12454,"href":"https:\/\/babacanportroyal.com\/index.php?rest_route=\/wp\/v2\/pages\/12302\/revisions\/12454"}],"wp:attachment":[{"href":"https:\/\/babacanportroyal.com\/index.php?rest_route=%2Fwp%2Fv2%2Fmedia&parent=12302"}],"curies":[{"name":"wp","href":"https:\/\/api.w.org\/{rel}","templated":true}]}}